{"id":23912,"date":"2024-08-02T13:39:01","date_gmt":"2024-08-02T11:39:01","guid":{"rendered":"https:\/\/ilr-staging.quattro.dev\/wirtschaftszweige\/"},"modified":"2025-01-16T22:42:49","modified_gmt":"2025-01-16T21:42:49","slug":"secteuren","status":"publish","type":"page","link":"https:\/\/www.ilr.lu\/lb\/secteuren\/","title":{"rendered":"Secteuren"},"content":{"rendered":"\t\t<div data-elementor-type=\"wp-page\" data-elementor-id=\"23912\" class=\"elementor elementor-23912 elementor-7256\" data-elementor-post-type=\"page\">\n\t\t\t\t<div class=\"elementor-element elementor-element-e7ec83b e-flex e-con-boxed e-con e-parent\" data-id=\"e7ec83b\" data-element_type=\"container\" data-e-type=\"container\">\n\t\t\t\t\t<div class=\"e-con-inner\">\n\t\t\t\t<div class=\"elementor-element elementor-element-d49c2c5 elementor-widget elementor-widget-ilrew-header-title-page-widget\" data-id=\"d49c2c5\" data-element_type=\"widget\" data-e-type=\"widget\" data-widget_type=\"ilrew-header-title-page-widget.default\">\n\t\t\t\t<div class=\"elementor-widget-container\">\n\t\t\t\t\t            <div class=\"has-pattern pattern-secteur ilrew-header-title-page-wrapper \">\n                <div class=\"ilrew-header-title-page-container\">\n                    <div class=\"title-section\">\n                                                <h1>Secteuren<\/h1>\n                    <\/div>\n                                    <\/div>\n                        <div class=\"ilrew-header-title-page-options\">\n            <div class=\"ilrew-header-title-page-options-inner\">\n\n                                <div>\n                    <button onclick=\"window.print()\" type=\"button\" class=\"\">\n                        <svg aria-hidden=\"true\" width=\"100%\" height=\"100%\" viewBox=\"0 0 28 27\" fill=\"none\" xmlns=\"http:\/\/www.w3.org\/2000\/svg\"><rect x=\"6.849\" y=\"1.328\" width=\"14.304\" height=\"8.304\" rx=\"1.152\" fill=\"#fff\" stroke=\"currentColor\"\/><rect x=\".848\" y=\"5.328\" width=\"26.304\" height=\"16.304\" rx=\"1.152\" fill=\"#fff\" stroke=\"currentColor\"\/><rect x=\"6.849\" y=\"17.328\" width=\"14.304\" height=\"8.304\" rx=\"1.152\" fill=\"#fff\" stroke=\"currentColor\"\/><\/svg>                        <span>Dr\u00e9cken<\/span>\n                    <\/button>\n                <\/div>\n                \n                                <div x-data=\"{ openShare: false }\"\n                     @click.away=\"openShare = false\"\n                     @keyup.esc=\"openShare = false\"\n                class=\"share-select-wrapper\">\n                    <button type=\"button\" class=\"share-select-button\" @click.prevent=\"openShare = !openShare\" :aria-expanded=\"openShare\">\n                        <svg aria-hidden=\"true\" width=\"100%\" height=\"100%\" viewBox=\"0 0 29 29\" fill=\"none\" xmlns=\"http:\/\/www.w3.org\/2000\/svg\"><circle cx=\"23.004\" cy=\"6.207\" r=\"4.977\" stroke=\"currentColor\"\/><circle cx=\"6.459\" cy=\"15.116\" r=\"4.977\" stroke=\"currentColor\"\/><circle cx=\"23.004\" cy=\"22.753\" r=\"4.977\" stroke=\"currentColor\"\/><path stroke=\"currentColor\" d=\"m18.885 8.787-7.636 3.818m7.955 8.066-7.394-4.269\"\/><\/svg>                        <span>Deelen<\/span>\n                    <\/button>\n                    <div class=\"ilrew-share-options\" x-show=\"openShare\" x-transition x-trap=\"openShare\">\n                        <ul>\n                                                            <li>\n                                    <a href=\"https:\/\/www.facebook.com\/sharer\/sharer.php?u=https:\/\/www.ilr.lu\/lb\/wp-json\/wp\/v2\/pages\/23912\" target=\"_blank\">\n                                        <span class=\"screen-reader-text\">Deelt d\u00ebs S\u00e4it op Facebook<\/span>\n                                        <svg aria-hidden=\"true\" xmlns=\"http:\/\/www.w3.org\/2000\/svg\" viewBox=\"0 0 24 24\" fill=\"currentColor\"><path d=\"M14 13.5H16.5L17.5 9.5H14V7.5C14 6.47062 14 5.5 16 5.5H17.5V2.1401C17.1743 2.09685 15.943 2 14.6429 2C11.9284 2 10 3.65686 10 6.69971V9.5H7V13.5H10V22H14V13.5Z\"><\/path><\/svg>                                    <\/a>\n                                <\/li>\n                                                            <li>\n                                    <a href=\"https:\/\/twitter.com\/intent\/tweet?url=https:\/\/www.ilr.lu\/lb\/wp-json\/wp\/v2\/pages\/23912\" target=\"_blank\">\n                                        <span class=\"screen-reader-text\">Deelt d\u00ebs S\u00e4it op X(twitter)<\/span>\n                                        <svg aria-hidden=\"true\" xmlns=\"http:\/\/www.w3.org\/2000\/svg\" viewBox=\"0 0 24 24\" fill=\"currentColor\"><path d=\"M10.4883 14.651L15.25 21H22.25L14.3917 10.5223L20.9308 3H18.2808L13.1643 8.88578L8.75 3H1.75L9.26086 13.0145L2.31915 21H4.96917L10.4883 14.651ZM16.25 19L5.75 5H7.75L18.25 19H16.25Z\"><\/path><\/svg>                                    <\/a>\n                                <\/li>\n                                                            <li>\n                                    <a href=\"https:\/\/www.linkedin.com\/sharing\/share-offsite\/?url=https:\/\/www.ilr.lu\/lb\/wp-json\/wp\/v2\/pages\/23912\" target=\"_blank\">\n                                        <span class=\"screen-reader-text\">Deelt d\u00ebs S\u00e4it op LinkedIn<\/span>\n                                        <svg aria-hidden=\"true\" xmlns=\"http:\/\/www.w3.org\/2000\/svg\" viewBox=\"0 0 24 24\" fill=\"currentColor\"><path d=\"M6.94048 4.99993C6.94011 5.81424 6.44608 6.54702 5.69134 6.85273C4.9366 7.15845 4.07187 6.97605 3.5049 6.39155C2.93793 5.80704 2.78195 4.93715 3.1105 4.19207C3.43906 3.44699 4.18654 2.9755 5.00048 2.99993C6.08155 3.03238 6.94097 3.91837 6.94048 4.99993ZM7.00048 8.47993H3.00048V20.9999H7.00048V8.47993ZM13.3205 8.47993H9.34048V20.9999H13.2805V14.4299C13.2805 10.7699 18.0505 10.4299 18.0505 14.4299V20.9999H22.0005V13.0699C22.0005 6.89993 14.9405 7.12993 13.2805 10.1599L13.3205 8.47993Z\"><\/path><\/svg>                                    <\/a>\n                                <\/li>\n                                                            <li>\n                                    <a href=\"mailto:?subject=www.ilr.lu - Secteuren&body=Secteuren : https:\/\/www.ilr.lu\/lb\/wp-json\/wp\/v2\/pages\/23912\" target=\"_blank\">\n                                        <span class=\"screen-reader-text\">Deelt d\u00ebs S\u00e4it per E-Mail<\/span>\n                                        <svg aria-hidden=\"true\" xmlns=\"http:\/\/www.w3.org\/2000\/svg\" fill=\"none\" viewBox=\"0 0 24 24\" stroke=\"currentColor\"><path stroke-linecap=\"round\" stroke-linejoin=\"round\" d=\"M21.75 6.75v10.5a2.25 2.25 0 0 1-2.25 2.25h-15a2.25 2.25 0 0 1-2.25-2.25V6.75m19.5 0A2.25 2.25 0 0 0 19.5 4.5h-15a2.25 2.25 0 0 0-2.25 2.25m19.5 0v.243a2.25 2.25 0 0 1-1.07 1.916l-7.5 4.615a2.25 2.25 0 0 1-2.36 0L3.32 8.91a2.25 2.25 0 0 1-1.07-1.916V6.75\" \/><\/svg>                                    <\/a>\n                                <\/li>\n                                                    <\/ul>\n                    <\/div>\n                <\/div>\n                            <\/div>\n        <\/div>\n                    <\/div>\n        \t\t\t\t<\/div>\n\t\t\t\t<\/div>\n\t\t\t\t\t<\/div>\n\t\t\t\t<\/div>\n\t\t<div class=\"elementor-element elementor-element-bbcb2ae e-flex e-con-boxed e-con e-parent\" data-id=\"bbcb2ae\" data-element_type=\"container\" data-e-type=\"container\" data-settings=\"{&quot;background_background&quot;:&quot;classic&quot;}\">\n\t\t\t\t\t<div class=\"e-con-inner\">\n\t\t\t\t<div class=\"elementor-element elementor-element-c4dd493 elementor-widget elementor-widget-spacer\" data-id=\"c4dd493\" data-element_type=\"widget\" data-e-type=\"widget\" data-widget_type=\"spacer.default\">\n\t\t\t\t<div class=\"elementor-widget-container\">\n\t\t\t\t\t\t\t<div class=\"elementor-spacer\">\n\t\t\t<div class=\"elementor-spacer-inner\"><\/div>\n\t\t<\/div>\n\t\t\t\t\t\t<\/div>\n\t\t\t\t<\/div>\n\t\t\t\t\t<\/div>\n\t\t\t\t<\/div>\n\t\t<div class=\"elementor-element elementor-element-fcf04d8 e-flex e-con-boxed e-con e-parent\" data-id=\"fcf04d8\" data-element_type=\"container\" data-e-type=\"container\">\n\t\t\t\t\t<div class=\"e-con-inner\">\n\t\t\t\t<div class=\"elementor-element elementor-element-b0c6f3c elementor-widget elementor-widget-ilrew-missing-translation-widget\" data-id=\"b0c6f3c\" data-element_type=\"widget\" data-e-type=\"widget\" data-widget_type=\"ilrew-missing-translation-widget.default\">\n\t\t\t\t<div class=\"elementor-widget-container\">\n\t\t\t\t\t            <div class=\"ilrew-missing-translation-container\">\n                <div class=\"icon-container\">\n                    <svg aria-hidden=\"true\" width=\"30\" height=\"30\" viewBox=\"0 0 67 67\" fill=\"none\" xmlns=\"http:\/\/www.w3.org\/2000\/svg\"><path d=\"M66 33.5a32.5 32.5 0 1 1-64.999 0A32.5 32.5 0 0 1 66 33.5\" stroke=\"#E22C3F\" stroke-linecap=\"round\" stroke-linejoin=\"round\"><\/path><path d=\"M36.127 49.492a2.063 2.063 0 1 1-4.127 0 2.063 2.063 0 0 1 4.127 0\" fill=\"#E22C3F\"><\/path><path d=\"M34.064 40.206V15.444\" stroke=\"#E22C3F\" stroke-linecap=\"round\" stroke-linejoin=\"round\"><\/path><\/svg>\n                <\/div>\n                <div class=\"content-container\">\n                    <p><span data-sheets-root=\"1\">Mir prob\u00e9ieren d\u00ebse Site a ville Sproochen zoug\u00e4nglech ze maachen. D\u00ebs S\u00e4it ass awer momentan n\u00ebmmen op Frans\u00e9isch verf\u00fcgbar, d'Standardsprooch vum Site.<br \/>Och wann e puer S\u00e4iten iwwersat gi fir d'Informatioun m\u00e9i einfach ze kr\u00e9ien, k\u00ebnne mir net garant\u00e9ieren datt all Inhalt iwwersat g\u00ebtt. Fir Zougang zu all verf\u00fcgbaren Informatioun a Ressourcen ze kr\u00e9ien, empfeele mir Iech d\u00e9i frans\u00e9isch Versioun ze besichen.<br \/><\/span><\/p>\n                    <a href=\"https:\/\/www.ilr.lu\/\" hreflang=\"fr\">\n                        Gitt op d\u00e9i frans\u00e9isch S\u00e4it                    <\/a>\n                <\/div>\n                            <\/div>\n        \t\t\t\t<\/div>\n\t\t\t\t<\/div>\n\t\t\t\t\t<\/div>\n\t\t\t\t<\/div>\n\t\t\t\t<\/div>\n\t\t","protected":false},"excerpt":{"rendered":"<p>Secteuren Imprimer Partager Partager Partager cette page sur Facebook Partager cette page sur X(twitter) Partager cette page sur linkedin Partager cette page par mail Mir prob\u00e9ieren d\u00ebse Site a ville Sproochen zoug\u00e4nglech ze maachen. D\u00ebs S\u00e4it ass awer momentan n\u00ebmmen op Frans\u00e9isch verf\u00fcgbar, d&#8217;Standardsprooch vum Site.Och wann e puer S\u00e4iten iwwersat gi fir d&#8217;Informatioun m\u00e9i [&hellip;]<\/p>\n","protected":false},"author":1,"featured_media":0,"parent":0,"menu_order":1,"comment_status":"closed","ping_status":"closed","template":"","meta":{"_acf_changed":false,"footnotes":""},"secteur":[5,6,11,49,50,9,10,12],"sujet":[],"class_list":["post-23912","page","type-page","status-publish","hentry","secteur-aeroportuaire","secteur-communications-electroniques","secteur-niss","secteur-electricite","secteur-ferroviaire","secteur-frequences-radioelectriques","secteur-gaz-naturel","secteur-services-postaux"],"acf":[],"yoast_head":"<!-- This site is optimized with the Yoast SEO Premium plugin v27.0 (Yoast SEO v27.0) - https:\/\/yoast.com\/product\/yoast-seo-premium-wordpress\/ -->\n<title>Secteuren - ILR<\/title>\n<meta name=\"robots\" content=\"index, follow, max-snippet:-1, max-image-preview:large, max-video-preview:-1\" \/>\n<link rel=\"canonical\" href=\"https:\/\/www.ilr.lu\/lb\/secteuren\/\" \/>\n<meta property=\"og:locale\" content=\"en_US\" \/>\n<meta property=\"og:type\" content=\"article\" \/>\n<meta property=\"og:title\" content=\"Secteuren\" \/>\n<meta property=\"og:description\" content=\"Secteuren Imprimer Partager Partager Partager cette page sur Facebook Partager cette page sur X(twitter) Partager cette page sur linkedin Partager cette page par mail Mir prob\u00e9ieren d\u00ebse Site a ville Sproochen zoug\u00e4nglech ze maachen. D\u00ebs S\u00e4it ass awer momentan n\u00ebmmen op Frans\u00e9isch verf\u00fcgbar, d&#8217;Standardsprooch vum Site.Och wann e puer S\u00e4iten iwwersat gi fir d&#8217;Informatioun m\u00e9i [&hellip;]\" \/>\n<meta property=\"og:url\" content=\"https:\/\/www.ilr.lu\/lb\/secteuren\/\" \/>\n<meta property=\"og:site_name\" content=\"ILR\" \/>\n<meta property=\"article:modified_time\" content=\"2025-01-16T21:42:49+00:00\" \/>\n<meta property=\"og:image\" content=\"https:\/\/www.ilr.lu\/wp-content\/uploads\/ILRLU-1628923514-102-scaled-min.jpg\" \/>\n\t<meta property=\"og:image:width\" content=\"1080\" \/>\n\t<meta property=\"og:image:height\" content=\"1086\" \/>\n\t<meta property=\"og:image:type\" content=\"image\/jpeg\" \/>\n<meta name=\"twitter:card\" content=\"summary_large_image\" \/>\n<meta name=\"twitter:label1\" content=\"Est. reading time\" \/>\n\t<meta name=\"twitter:data1\" content=\"1 minute\" \/>\n<script type=\"application\/ld+json\" class=\"yoast-schema-graph\">{\"@context\":\"https:\/\/schema.org\",\"@graph\":[{\"@type\":\"WebPage\",\"@id\":\"https:\/\/www.ilr.lu\/lb\/secteuren\/\",\"url\":\"https:\/\/www.ilr.lu\/lb\/secteuren\/\",\"name\":\"Secteuren - ILR\",\"isPartOf\":{\"@id\":\"https:\/\/www.ilr.lu\/lb\/#website\"},\"datePublished\":\"2024-08-02T11:39:01+00:00\",\"dateModified\":\"2025-01-16T21:42:49+00:00\",\"breadcrumb\":{\"@id\":\"https:\/\/www.ilr.lu\/lb\/secteuren\/#breadcrumb\"},\"inLanguage\":\"lb-LU\",\"potentialAction\":[{\"@type\":\"ReadAction\",\"target\":[\"https:\/\/www.ilr.lu\/lb\/secteuren\/\"]}]},{\"@type\":\"BreadcrumbList\",\"@id\":\"https:\/\/www.ilr.lu\/lb\/secteuren\/#breadcrumb\",\"itemListElement\":[{\"@type\":\"ListItem\",\"position\":1,\"name\":\"Accueil\",\"item\":\"https:\/\/www.ilr.lu\/lb\/\"},{\"@type\":\"ListItem\",\"position\":2,\"name\":\"Secteuren\"}]},{\"@type\":\"WebSite\",\"@id\":\"https:\/\/www.ilr.lu\/lb\/#website\",\"url\":\"https:\/\/www.ilr.lu\/lb\/\",\"name\":\"Institut luxembourgeois de r\u00e9gulation\",\"description\":\"\",\"publisher\":{\"@id\":\"https:\/\/www.ilr.lu\/lb\/#organization\"},\"alternateName\":\"ILR\",\"potentialAction\":[{\"@type\":\"SearchAction\",\"target\":{\"@type\":\"EntryPoint\",\"urlTemplate\":\"https:\/\/www.ilr.lu\/lb\/?s={search_term_string}\"},\"query-input\":{\"@type\":\"PropertyValueSpecification\",\"valueRequired\":true,\"valueName\":\"search_term_string\"}}],\"inLanguage\":\"lb-LU\"},{\"@type\":\"Organization\",\"@id\":\"https:\/\/www.ilr.lu\/lb\/#organization\",\"name\":\"ILR\",\"url\":\"https:\/\/www.ilr.lu\/lb\/\",\"logo\":{\"@type\":\"ImageObject\",\"inLanguage\":\"lb-LU\",\"@id\":\"https:\/\/www.ilr.lu\/lb\/#\/schema\/logo\/image\/\",\"url\":\"https:\/\/www.ilr.lu\/wp-content\/uploads\/Screenshot-2025-02-07-at-10.28.38.png\",\"contentUrl\":\"https:\/\/www.ilr.lu\/wp-content\/uploads\/Screenshot-2025-02-07-at-10.28.38.png\",\"width\":130,\"height\":124,\"caption\":\"ILR\"},\"image\":{\"@id\":\"https:\/\/www.ilr.lu\/lb\/#\/schema\/logo\/image\/\"},\"sameAs\":[\"https:\/\/www.linkedin.com\/company\/ilr\/\"]}]}<\/script>\n<!-- \/ Yoast SEO Premium plugin. -->","yoast_head_json":{"title":"Secteuren - ILR","robots":{"index":"index","follow":"follow","max-snippet":"max-snippet:-1","max-image-preview":"max-image-preview:large","max-video-preview":"max-video-preview:-1"},"canonical":"https:\/\/www.ilr.lu\/lb\/secteuren\/","og_locale":"en_US","og_type":"article","og_title":"Secteuren","og_description":"Secteuren Imprimer Partager Partager Partager cette page sur Facebook Partager cette page sur X(twitter) Partager cette page sur linkedin Partager cette page par mail Mir prob\u00e9ieren d\u00ebse Site a ville Sproochen zoug\u00e4nglech ze maachen. D\u00ebs S\u00e4it ass awer momentan n\u00ebmmen op Frans\u00e9isch verf\u00fcgbar, d&#8217;Standardsprooch vum Site.Och wann e puer S\u00e4iten iwwersat gi fir d&#8217;Informatioun m\u00e9i [&hellip;]","og_url":"https:\/\/www.ilr.lu\/lb\/secteuren\/","og_site_name":"ILR","article_modified_time":"2025-01-16T21:42:49+00:00","og_image":[{"width":1080,"height":1086,"url":"https:\/\/www.ilr.lu\/wp-content\/uploads\/ILRLU-1628923514-102-scaled-min.jpg","type":"image\/jpeg"}],"twitter_card":"summary_large_image","twitter_misc":{"Est. reading time":"1 minute"},"schema":{"@context":"https:\/\/schema.org","@graph":[{"@type":"WebPage","@id":"https:\/\/www.ilr.lu\/lb\/secteuren\/","url":"https:\/\/www.ilr.lu\/lb\/secteuren\/","name":"Secteuren - ILR","isPartOf":{"@id":"https:\/\/www.ilr.lu\/lb\/#website"},"datePublished":"2024-08-02T11:39:01+00:00","dateModified":"2025-01-16T21:42:49+00:00","breadcrumb":{"@id":"https:\/\/www.ilr.lu\/lb\/secteuren\/#breadcrumb"},"inLanguage":"lb-LU","potentialAction":[{"@type":"ReadAction","target":["https:\/\/www.ilr.lu\/lb\/secteuren\/"]}]},{"@type":"BreadcrumbList","@id":"https:\/\/www.ilr.lu\/lb\/secteuren\/#breadcrumb","itemListElement":[{"@type":"ListItem","position":1,"name":"Accueil","item":"https:\/\/www.ilr.lu\/lb\/"},{"@type":"ListItem","position":2,"name":"Secteuren"}]},{"@type":"WebSite","@id":"https:\/\/www.ilr.lu\/lb\/#website","url":"https:\/\/www.ilr.lu\/lb\/","name":"Institut luxembourgeois de r\u00e9gulation","description":"","publisher":{"@id":"https:\/\/www.ilr.lu\/lb\/#organization"},"alternateName":"ILR","potentialAction":[{"@type":"SearchAction","target":{"@type":"EntryPoint","urlTemplate":"https:\/\/www.ilr.lu\/lb\/?s={search_term_string}"},"query-input":{"@type":"PropertyValueSpecification","valueRequired":true,"valueName":"search_term_string"}}],"inLanguage":"lb-LU"},{"@type":"Organization","@id":"https:\/\/www.ilr.lu\/lb\/#organization","name":"ILR","url":"https:\/\/www.ilr.lu\/lb\/","logo":{"@type":"ImageObject","inLanguage":"lb-LU","@id":"https:\/\/www.ilr.lu\/lb\/#\/schema\/logo\/image\/","url":"https:\/\/www.ilr.lu\/wp-content\/uploads\/Screenshot-2025-02-07-at-10.28.38.png","contentUrl":"https:\/\/www.ilr.lu\/wp-content\/uploads\/Screenshot-2025-02-07-at-10.28.38.png","width":130,"height":124,"caption":"ILR"},"image":{"@id":"https:\/\/www.ilr.lu\/lb\/#\/schema\/logo\/image\/"},"sameAs":["https:\/\/www.linkedin.com\/company\/ilr\/"]}]}},"_links":{"self":[{"href":"https:\/\/www.ilr.lu\/lb\/wp-json\/wp\/v2\/pages\/23912","targetHints":{"allow":["GET"]}}],"collection":[{"href":"https:\/\/www.ilr.lu\/lb\/wp-json\/wp\/v2\/pages"}],"about":[{"href":"https:\/\/www.ilr.lu\/lb\/wp-json\/wp\/v2\/types\/page"}],"author":[{"embeddable":true,"href":"https:\/\/www.ilr.lu\/lb\/wp-json\/wp\/v2\/users\/1"}],"replies":[{"embeddable":true,"href":"https:\/\/www.ilr.lu\/lb\/wp-json\/wp\/v2\/comments?post=23912"}],"version-history":[{"count":18,"href":"https:\/\/www.ilr.lu\/lb\/wp-json\/wp\/v2\/pages\/23912\/revisions"}],"predecessor-version":[{"id":25825,"href":"https:\/\/www.ilr.lu\/lb\/wp-json\/wp\/v2\/pages\/23912\/revisions\/25825"}],"wp:attachment":[{"href":"https:\/\/www.ilr.lu\/lb\/wp-json\/wp\/v2\/media?parent=23912"}],"wp:term":[{"taxonomy":"secteur","embeddable":true,"href":"https:\/\/www.ilr.lu\/lb\/wp-json\/wp\/v2\/secteur?post=23912"},{"taxonomy":"sujet","embeddable":true,"href":"https:\/\/www.ilr.lu\/lb\/wp-json\/wp\/v2\/sujet?post=23912"}],"curies":[{"name":"wp","href":"https:\/\/api.w.org\/{rel}","templated":true}]}}